{"id":36,"date":"2020-04-20T18:03:37","date_gmt":"2020-04-20T18:03:37","guid":{"rendered":"http:\/\/stdio8.com.br\/?page_id=36"},"modified":"2020-04-20T18:36:16","modified_gmt":"2020-04-20T18:36:16","slug":"home","status":"publish","type":"page","link":"https:\/\/stdio8.com.br\/","title":{"rendered":"Home"},"content":{"rendered":"\n<p>Est\u00fadio de modelagem 3D em resinas fotopolimeriz\u00e1veis e filamentos.<\/p>\n\n\n\n<p>Constru\u00e7\u00e3o de prot\u00f3tipos, modelos e provis\u00f3rios odontol\u00f3gicos, placas miorrelaxantes e o que der na mente&#8230; =D<\/p>\n","protected":false},"excerpt":{"rendered":"<p>Est\u00fadio de modelagem 3D em resinas fotopolimeriz\u00e1veis e filamentos. Constru\u00e7\u00e3o de prot\u00f3tipos, modelos e provis\u00f3rios odontol\u00f3gicos, placas miorrelaxantes e o que der na mente&#8230; =D<\/p>\n","protected":false},"author":1,"featured_media":0,"parent":0,"menu_order":0,"comment_status":"closed","ping_status":"closed","template":"","meta":{"footnotes":""},"class_list":["post-36","page","type-page","status-publish","hentry"],"_links":{"self":[{"href":"https:\/\/stdio8.com.br\/index.php\/wp-json\/wp\/v2\/pages\/36","targetHints":{"allow":["GET"]}}],"collection":[{"href":"https:\/\/stdio8.com.br\/index.php\/wp-json\/wp\/v2\/pages"}],"about":[{"href":"https:\/\/stdio8.com.br\/index.php\/wp-json\/wp\/v2\/types\/page"}],"author":[{"embeddable":true,"href":"https:\/\/stdio8.com.br\/index.php\/wp-json\/wp\/v2\/users\/1"}],"replies":[{"embeddable":true,"href":"https:\/\/stdio8.com.br\/index.php\/wp-json\/wp\/v2\/comments?post=36"}],"version-history":[{"count":4,"href":"https:\/\/stdio8.com.br\/index.php\/wp-json\/wp\/v2\/pages\/36\/revisions"}],"predecessor-version":[{"id":61,"href":"https:\/\/stdio8.com.br\/index.php\/wp-json\/wp\/v2\/pages\/36\/revisions\/61"}],"wp:attachment":[{"href":"https:\/\/stdio8.com.br\/index.php\/wp-json\/wp\/v2\/media?parent=36"}],"curies":[{"name":"wp","href":"https:\/\/api.w.org\/{rel}","templated":true}]}}